{"id":80,"date":"2023-05-27T00:41:38","date_gmt":"2023-05-26T22:41:38","guid":{"rendered":"https:\/\/cosycaenlamer.wordpress.com\/?page_id=80"},"modified":"2026-03-18T19:00:57","modified_gmt":"2026-03-18T18:00:57","slug":"caen-zenith","status":"publish","type":"page","link":"https:\/\/cosycaenetmer.com\/index.php\/caen-zenith\/","title":{"rendered":"Z\u00e9nit&rsquo;house"},"content":{"rendered":"\t\t<div class='wp-block-bsb-slider  alignwide' id='bsbCarousel-f39d1a54-4' data-attributes='{&quot;align&quot;:&quot;wide&quot;,&quot;cId&quot;:&quot;f39d1a54-4&quot;,&quot;sliders&quot;:[{&quot;img&quot;:{&quot;id&quot;:1251,&quot;url&quot;:&quot;https:\\\/\\\/cosycaenetmer.com\\\/wp-content\\\/uploads\\\/2023\\\/10\\\/cuisine-zenithouse.webp&quot;,&quot;alt&quot;:&quot;Cuisine Z\\u00e9nit&#039;house&quot;,&quot;title&quot;:&quot;cuisine-z\\u00e9nithouse&quot;},&quot;title&quot;:&quot;&quot;,&quot;desc&quot;:&quot;&quot;,&quot;btnLabel&quot;:&quot;&quot;,&quot;btnUrl&quot;:&quot;https:\\\/\\\/wordpress.org\\\/plugins\\\/b-slider\\\/&quot;,&quot;target&quot;:false},{&quot;img&quot;:{&quot;id&quot;:1255,&quot;url&quot;:&quot;https:\\\/\\\/cosycaenetmer.com\\\/wp-content\\\/uploads\\\/2023\\\/10\\\/salle-zenithouse-1.webp&quot;,&quot;alt&quot;:&quot;pi\\u00e8ce \\u00e0 vivre Z\\u00e9nit&#039;house&quot;,&quot;title&quot;:&quot;salle-z\\u00e9nithouse (1)&quot;},&quot;title&quot;:&quot;&quot;,&quot;desc&quot;:&quot;&quot;,&quot;btnLabel&quot;:&quot;&quot;,&quot;btnUrl&quot;:&quot;https:\\\/\\\/wordpress.org\\\/plugins\\\/b-slider\\\/&quot;,&quot;target&quot;:false},{&quot;img&quot;:{&quot;id&quot;:1256,&quot;url&quot;:&quot;https:\\\/\\\/cosycaenetmer.com\\\/wp-content\\\/uploads\\\/2023\\\/10\\\/salon-zenithouse-1.webp&quot;,&quot;alt&quot;:&quot;salon z\\u00e9nit&#039;house&quot;,&quot;title&quot;:&quot;salon-z\\u00e9nithouse (1)&quot;},&quot;title&quot;:&quot;&quot;,&quot;desc&quot;:&quot;&quot;,&quot;btnLabel&quot;:&quot;&quot;,&quot;btnUrl&quot;:&quot;https:\\\/\\\/wordpress.org\\\/plugins\\\/b-slider\\\/&quot;,&quot;target&quot;:false},{&quot;img&quot;:{&quot;id&quot;:2117,&quot;url&quot;:&quot;https:\\\/\\\/cosycaenetmer.com\\\/wp-content\\\/uploads\\\/2026\\\/03\\\/DSC00666.webp&quot;,&quot;alt&quot;:&quot;&quot;,&quot;title&quot;:&quot;DSC00666&quot;,&quot;caption&quot;:&quot;&quot;},&quot;title&quot;:&quot;&quot;,&quot;desc&quot;:&quot;&quot;,&quot;btnLabel&quot;:&quot;&quot;,&quot;btnUrl&quot;:&quot;https:\\\/\\\/wordpress.org\\\/plugins\\\/b-slider\\\/&quot;,&quot;target&quot;:false},{&quot;img&quot;:{&quot;id&quot;:1968,&quot;url&quot;:&quot;https:\\\/\\\/cosycaenetmer.com\\\/wp-content\\\/uploads\\\/2025\\\/01\\\/chambreCosyZenith.webp&quot;,&quot;alt&quot;:&quot;chambreCosyZenith&quot;,&quot;title&quot;:&quot;chambreCosyZenith&quot;,&quot;caption&quot;:&quot;&quot;},&quot;title&quot;:&quot;&quot;,&quot;desc&quot;:&quot;&quot;,&quot;btnLabel&quot;:&quot;&quot;,&quot;btnUrl&quot;:&quot;https:\\\/\\\/wordpress.org\\\/plugins\\\/b-slider\\\/&quot;,&quot;target&quot;:false},{&quot;img&quot;:{&quot;id&quot;:2116,&quot;url&quot;:&quot;https:\\\/\\\/cosycaenetmer.com\\\/wp-content\\\/uploads\\\/2026\\\/03\\\/Ext-House-2.webp&quot;,&quot;alt&quot;:&quot;Ext\\u00e9rieur&quot;,&quot;title&quot;:&quot;Ext-House-2&quot;,&quot;caption&quot;:&quot;&quot;},&quot;title&quot;:&quot;&quot;,&quot;desc&quot;:&quot;&quot;,&quot;btnLabel&quot;:&quot;&quot;,&quot;btnUrl&quot;:&quot;https:\\\/\\\/wordpress.org\\\/plugins\\\/b-slider\\\/&quot;,&quot;target&quot;:false,&quot;altText&quot;:null},{&quot;img&quot;:{&quot;id&quot;:2115,&quot;url&quot;:&quot;https:\\\/\\\/cosycaenetmer.com\\\/wp-content\\\/uploads\\\/2026\\\/03\\\/Ext-House-3.webp&quot;,&quot;alt&quot;:&quot;Ext\\u00e9rieur&quot;,&quot;title&quot;:&quot;&quot;,&quot;caption&quot;:&quot;&quot;},&quot;title&quot;:&quot;&quot;,&quot;desc&quot;:&quot;&quot;,&quot;btnLabel&quot;:&quot;&quot;,&quot;btnUrl&quot;:&quot;https:\\\/\\\/wordpress.org\\\/plugins\\\/b-slider\\\/&quot;,&quot;target&quot;:false,&quot;altText&quot;:null}],&quot;indicator&quot;:{&quot;visibility&quot;:true,&quot;type&quot;:&quot;default&quot;,&quot;style&quot;:&quot;dot&quot;,&quot;color&quot;:&quot;rgba(0, 103, 151, 1)&quot;,&quot;activeColor&quot;:&quot;#fff&quot;,&quot;width&quot;:&quot;10px&quot;,&quot;height&quot;:&quot;10px&quot;,&quot;radius&quot;:&quot;50%&quot;,&quot;activeBorder&quot;:{&quot;color&quot;:&quot;#e1e1e1&quot;,&quot;style&quot;:&quot;solid&quot;,&quot;width&quot;:&quot;4px&quot;},&quot;moveFromEdge&quot;:&quot;-15px&quot;,&quot;position&quot;:&quot;bottom-center&quot;,&quot;direction&quot;:&quot;horizontal&quot;},&quot;SliderOverly&quot;:&quot;rgba(0, 0, 0, 0)&quot;,&quot;sliderHeight&quot;:{&quot;desktop&quot;:&quot;450px&quot;},&quot;title&quot;:{&quot;tag&quot;:&quot;h5&quot;},&quot;titleFCaption&quot;:false,&quot;titleAnimation&quot;:{&quot;effect&quot;:&quot;fadeInLeft&quot;,&quot;delay&quot;:0,&quot;duration&quot;:0.7},&quot;descAnimation&quot;:{&quot;effect&quot;:&quot;fadeInRight&quot;,&quot;delay&quot;:0.7,&quot;duration&quot;:0.7},&quot;btnAnimation&quot;:{&quot;effect&quot;:&quot;zoomIn&quot;,&quot;delay&quot;:1.4,&quot;duration&quot;:0.7},&quot;isMouseWheel&quot;:false,&quot;isArrowFollowSlide&quot;:false,&quot;isMouseDrag&quot;:false,&quot;slideInnerGap&quot;:&quot;180px&quot;,&quot;slideInnerGapDevice&quot;:{&quot;desktop&quot;:&quot;180px&quot;,&quot;tablet&quot;:&quot;140px&quot;,&quot;mobile&quot;:&quot;100px&quot;},&quot;titleTypo&quot;:{&quot;fontSize&quot;:{&quot;desktop&quot;:25,&quot;tablet&quot;:20,&quot;mobile&quot;:15},&quot;fontWeight&quot;:700,&quot;lineHeight&quot;:&quot;135%&quot;},&quot;titleColor&quot;:&quot;#fff&quot;,&quot;titleMargin&quot;:{&quot;top&quot;:&quot;5px&quot;,&quot;right&quot;:&quot;0px&quot;,&quot;bottom&quot;:&quot;5px&quot;,&quot;left&quot;:&quot;0px&quot;},&quot;descTypo&quot;:{&quot;fontSize&quot;:{&quot;desktop&quot;:25,&quot;tablet&quot;:20,&quot;mobile&quot;:15},&quot;fontWeight&quot;:400,&quot;lineHeight&quot;:&quot;135%&quot;},&quot;descColor&quot;:&quot;#fff&quot;,&quot;descMargin&quot;:{&quot;top&quot;:&quot;5px&quot;,&quot;right&quot;:&quot;0px&quot;,&quot;bottom&quot;:&quot;5px&quot;,&quot;left&quot;:&quot;0px&quot;},&quot;btnTypo&quot;:{&quot;fontSize&quot;:{&quot;desktop&quot;:25,&quot;tablet&quot;:20,&quot;mobile&quot;:15},&quot;fontWeight&quot;:500,&quot;lineHeight&quot;:&quot;135%&quot;,&quot;textTransform&quot;:&quot;uppercase&quot;},&quot;btnColors&quot;:{&quot;color&quot;:&quot;#fff&quot;,&quot;bg&quot;:&quot;&quot;},&quot;btnHovColors&quot;:{&quot;color&quot;:&quot;#000&quot;,&quot;bg&quot;:&quot;#fff&quot;},&quot;btnPadding&quot;:{&quot;top&quot;:&quot;12px&quot;,&quot;right&quot;:&quot;25px&quot;,&quot;bottom&quot;:&quot;12px&quot;,&quot;left&quot;:&quot;25px&quot;},&quot;btnBorder&quot;:{&quot;color&quot;:&quot;#e1e1e1&quot;,&quot;style&quot;:&quot;solid&quot;,&quot;width&quot;:&quot;3px&quot;},&quot;btnRadius&quot;:&quot;0px&quot;,&quot;arrow&quot;:{&quot;visibility&quot;:true,&quot;size&quot;:48,&quot;color&quot;:&quot;rgba(255, 255, 255, 100)&quot;,&quot;bg&quot;:&quot;transparent&quot;},&quot;arrowWidth&quot;:&quot;50px&quot;,&quot;deviceArrowWidth&quot;:{&quot;desktop&quot;:&quot;50px&quot;,&quot;tablet&quot;:&quot;40px&quot;,&quot;mobile&quot;:&quot;30px&quot;},&quot;deviceArrowHeight&quot;:{&quot;desktop&quot;:&quot;50px&quot;,&quot;tablet&quot;:&quot;40px&quot;,&quot;mobile&quot;:&quot;30px&quot;},&quot;arrowHeight&quot;:&quot;50px&quot;,&quot;arrowRadius&quot;:{&quot;top&quot;:&quot;3px&quot;,&quot;bottom&quot;:&quot;3px&quot;,&quot;left&quot;:&quot;3px&quot;,&quot;right&quot;:&quot;3px&quot;},&quot;arrowStyle&quot;:&quot;style1&quot;,&quot;direction&quot;:&quot;default&quot;,&quot;options&quot;:{&quot;interval&quot;:2000,&quot;ride&quot;:false,&quot;pause&quot;:false,&quot;height&quot;:400,&quot;shuffle&quot;:false},&quot;animation&quot;:&quot;default&quot;,&quot;position&quot;:&quot;bottom center&quot;,&quot;height&quot;:&quot;450px&quot;,&quot;borderRadius&quot;:{&quot;top&quot;:&quot;3px&quot;,&quot;right&quot;:&quot;3px&quot;,&quot;bottom&quot;:&quot;3px&quot;,&quot;left&quot;:&quot;3px&quot;},&quot;margin&quot;:{&quot;top&quot;:&quot;0px&quot;,&quot;right&quot;:&quot;0px&quot;,&quot;bottom&quot;:&quot;0px&quot;,&quot;left&quot;:&quot;0px&quot;},&quot;isLazyLoad&quot;:false}'><\/div>\r\n\r\n\t\t\n\n\n<hr class=\"wp-block-separator has-text-color has-primary-color has-alpha-channel-opacity has-primary-background-color has-background is-style-wide\"\/>\n\n\n\n<div class=\"wp-block-columns is-layout-flex wp-container-core-columns-is-layout-28f84493 wp-block-columns-is-layout-flex\">\n<div class=\"wp-block-column is-vertically-aligned-center is-layout-flow wp-block-column-is-layout-flow\">\n<h2 class=\"wp-block-heading has-text-align-center\">\u00c0 propos de ce logement<\/h2>\n\n\n\n<p class=\"has-text-align-center\">Agr\u00e9able maison Cosy aux portes de Caen.<br>A moins de 5 minutes du ZENITH, du Palais des sports et du parc expo de Caen, venez profiter d&rsquo;une ambiance chaleureuse dans une maison cocooning situ\u00e9e dans un petit village ayant su sauvegarder son calme.<\/p>\n\n\n\n<p class=\"has-text-align-center\">Maison fonctionnelle, facile \u00e0 vivre, un grand salon et deux belles chambres, l&rsquo;une avec un petit espace de travail et l&rsquo;autre avec un espace d\u00e9di\u00e9 au rangement.<br>Et une terrasse expos\u00e9e sud, pour profiter des rayons du soleil et un terrain d&rsquo;environ 270 m2.<\/p>\n<\/div>\n\n\n\n<div class=\"wp-block-column is-layout-flow wp-block-column-is-layout-flow\">\n<figure class=\"wp-block-image size-full\"><img loading=\"lazy\" decoding=\"async\" width=\"667\" height=\"1000\" src=\"https:\/\/cosycaenetmer.com\/wp-content\/uploads\/2023\/10\/bas-escalier-zenithouse-1.webp\" alt=\"Escalier Z\u00e9nit'house\" class=\"wp-image-1248\" srcset=\"https:\/\/cosycaenetmer.com\/wp-content\/uploads\/2023\/10\/bas-escalier-zenithouse-1.webp 667w, https:\/\/cosycaenetmer.com\/wp-content\/uploads\/2023\/10\/bas-escalier-zenithouse-1-200x300.webp 200w, https:\/\/cosycaenetmer.com\/wp-content\/uploads\/2023\/10\/bas-escalier-zenithouse-1-600x900.webp 600w\" sizes=\"auto, (max-width: 667px) 100vw, 667px\" \/><\/figure>\n<\/div>\n<\/div>\n\n\n\n<hr class=\"wp-block-separator has-text-color has-primary-color has-alpha-channel-opacity has-primary-background-color has-background is-style-wide\"\/>\n\n\n\n<h2 class=\"wp-block-heading has-text-align-center\">Voir nos disponibilit\u00e9s<\/h2>\n\n\n\n\n\n<p><strong>* <strong><a href=\"https:\/\/cosycaenetmer.com\/index.php\/caen-zenith\/\" data-type=\"page\" data-id=\"80\">Z\u00e9nit&rsquo;house<\/a> n&rsquo;est pas disponible ?<\/strong> Cliquez sur <a href=\"https:\/\/cosycaenetmer.com\/index.php\/reservation\/\" data-type=\"page\" data-id=\"1575\" target=\"_blank\" rel=\"noreferrer noopener\">R\u00e9servation<\/a> pour d\u00e9couvrir nos autres logements !<\/strong><\/p>\n\n\n\n<hr class=\"wp-block-separator has-text-color has-primary-color has-alpha-channel-opacity has-primary-background-color has-background is-style-wide\"\/>\n\n\n\n<div class=\"wp-block-columns is-layout-flex wp-container-core-columns-is-layout-28f84493 wp-block-columns-is-layout-flex\">\n<div class=\"wp-block-column is-layout-flow wp-block-column-is-layout-flow\">\n<figure class=\"wp-block-image size-full\"><img loading=\"lazy\" decoding=\"async\" width=\"667\" height=\"1000\" src=\"https:\/\/cosycaenetmer.com\/wp-content\/uploads\/2026\/03\/Ext-House.jpg\" alt=\"Ext House\" class=\"wp-image-2122\" srcset=\"https:\/\/cosycaenetmer.com\/wp-content\/uploads\/2026\/03\/Ext-House.jpg 667w, https:\/\/cosycaenetmer.com\/wp-content\/uploads\/2026\/03\/Ext-House-200x300.jpg 200w\" sizes=\"auto, (max-width: 667px) 100vw, 667px\" \/><\/figure>\n<\/div>\n\n\n\n<div class=\"wp-block-column is-vertically-aligned-center is-layout-flow wp-block-column-is-layout-flow\">\n<h2 class=\"wp-block-heading has-text-align-center\">Pr\u00e9parer votre s\u00e9jour<\/h2>\n\n\n\n<p class=\"has-text-align-center\"><strong>Capacit\u00e9 d&rsquo;accueil :<\/strong> 2 chambres, 4 personnes maximum.<\/p>\n\n\n\n<p class=\"has-text-align-center\"><strong>Minimum 2 nuits.<\/strong><\/p>\n\n\n\n<p class=\"has-text-align-center\"><strong>Arriv\u00e9e :<\/strong> A partir de 15 heures.<\/p>\n\n\n\n<p class=\"has-text-align-center\"><strong>D\u00e9part :<\/strong> Avant 11 heures.<\/p>\n\n\n\n<p class=\"has-text-align-center\"><strong>Equipements :<\/strong>&nbsp;Cuisine \u00e9quip\u00e9e, stationnement privatif, Wifi haut d\u00e9bit, linge de maison fourni.<\/p>\n\n\n\n<p class=\"has-text-align-center\"><strong>L&rsquo;ensemble de la maison et du terrain est d\u00e9di\u00e9 aux voyageurs.<\/strong><\/p>\n<\/div>\n<\/div>\n\n\n\n<hr class=\"wp-block-separator has-text-color has-primary-color has-alpha-channel-opacity has-primary-background-color has-background is-style-wide\"\/>\n\n\n\n<h2 class=\"wp-block-heading has-text-align-center\">Commentaires <\/h2>\n\n\n\n<div class=\"wp-block-columns is-layout-flex wp-container-core-columns-is-layout-28f84493 wp-block-columns-is-layout-flex\">\n<div class=\"wp-block-column is-layout-flow wp-block-column-is-layout-flow\">\n<blockquote class=\"wp-block-quote is-layout-flow wp-block-quote-is-layout-flow\">\n<h1 class=\"wp-block-heading has-text-align-center has-text-color has-link-color wp-elements-a96a86506d35b1bb5a0788af970f1300\" style=\"color:#eaa209\"><strong><kbd>*****<\/kbd><\/strong><\/h1>\n\n\n\n<p class=\"has-text-align-center\">\u00ab\u00a0Petite maison r\u00e9nov\u00e9e avec gout et tr\u00e8s bien agenc\u00e9e, tr\u00e8s propre et bien \u00e9quip\u00e9e. Joli petit parc \u00e0 proximit\u00e9, tr\u00e8s pratique avec des enfants. Parfait !\u00a0\u00bb<\/p>\n<\/blockquote>\n\n\n\n<p class=\"has-text-align-center\"><strong><em>Marie.<\/em><\/strong><\/p>\n<\/div>\n\n\n\n<div class=\"wp-block-column is-layout-flow wp-block-column-is-layout-flow\">\n<blockquote class=\"wp-block-quote is-layout-flow wp-block-quote-is-layout-flow\">\n<h1 class=\"wp-block-heading has-text-align-center has-text-color has-link-color wp-elements-a96a86506d35b1bb5a0788af970f1300\" style=\"color:#eaa209\"><strong><kbd>*****<\/kbd><\/strong><\/h1>\n\n\n\n<p class=\"has-text-align-center\">\u00ab\u00a0Superbe logement ! Tout est impeccable. Les services sont \u00e0 la hauteur de la description<br>H\u00f4te extr\u00eamement sympathique, tr\u00e8s r\u00e9actif et serviable.\u00a0\u00bb<\/p>\n<\/blockquote>\n\n\n\n<p class=\"has-text-align-center\"><strong><em>Ga\u00ebtan.<\/em><\/strong><\/p>\n<\/div>\n<\/div>\n\n\n\n<hr class=\"wp-block-separator has-text-color has-primary-color has-alpha-channel-opacity has-primary-background-color has-background is-style-wide\"\/>\n\n\n\n<h2 class=\"wp-block-heading has-text-align-center\">Situer le logement<\/h2>\n\n\n\n<iframe src=\"https:\/\/www.google.com\/maps\/embed?pb=!1m18!1m12!1m3!1d41759.800955648985!2d-0.46989258744791707!3d49.143860614304785!2m3!1f0!2f0!3f0!3m2!1i1024!2i768!4f13.1!3m3!1m2!1s0x480a437e59440689%3A0xf0e857ae8d695265!2sCosy%20Caen%20et%20Mer%20-%20Z%C3%A9nitHouse%20-%20H%C3%A9bergement%20Location%20de%20vacances!5e0!3m2!1sfr!2sfr!4v1733510400543!5m2!1sfr!2sfr\" width=\"600\" height=\"450\" style=\"border:0;\" allowfullscreen=\"\" loading=\"lazy\" referrerpolicy=\"no-referrer-when-downgrade\"><\/iframe>\n\n\n\n<div class=\"wp-block-group alignfull has-foreground-background-color has-text-color has-background has-link-color wp-elements-2dec40ad7e3955a403b1095c74b21ab8\" style=\"color:#ffffff;margin-top:0px;margin-bottom:0px;padding-top:7vw;padding-right:var(--wp--preset--spacing--60);padding-bottom:0vw;padding-left:var(--wp--preset--spacing--60)\"><div class=\"wp-block-group__inner-container is-layout-constrained wp-container-core-group-is-layout-257d5001 wp-block-group-is-layout-constrained\">\n<div class=\"wp-block-columns alignwide is-layout-flex wp-container-core-columns-is-layout-414050cc wp-block-columns-is-layout-flex\" style=\"border-width:1px;margin-top:0;margin-bottom:0;padding-top:var(--wp--preset--spacing--80);padding-right:var(--wp--preset--spacing--60);padding-bottom:var(--wp--preset--spacing--80);padding-left:var(--wp--preset--spacing--60)\">\n<div class=\"wp-block-column is-layout-flow wp-block-column-is-layout-flow\" style=\"padding-top:0;padding-right:0;padding-bottom:0;padding-left:0\">\n<h3 class=\"wp-block-heading\" id=\"get-in-touch\" style=\"margin-top:0px;margin-right:0px;margin-bottom:32px;margin-left:0px;font-size:19px;line-height:1.474\"><a href=\"https:\/\/cosycaenetmer.com\/index.php\/contact\/\" data-type=\"page\" data-id=\"271\">Contact et r\u00e9servation<\/a><\/h3>\n\n\n\n<p>N&rsquo;h\u00e9sitez pas \u00e0 nous contacter gr\u00e2ce \u00e0 l&rsquo;onglet contact ou directement au num\u00e9ro ci-dessous  !<\/p>\n\n\n\n<div class=\"wp-block-jetpack-contact-info\">\n<div class=\"wp-block-jetpack-phone\"><a href=\"tel:0688011150\">0688011150<\/a><\/div>\n<\/div>\n<\/div>\n\n\n\n<div class=\"wp-block-column is-vertically-aligned-center is-layout-flow wp-block-column-is-layout-flow\">\n<ul class=\"wp-block-social-links aligncenter has-normal-icon-size has-icon-color is-style-logos-only is-content-justification-center is-layout-flex wp-container-core-social-links-is-layout-71d2ff36 wp-block-social-links-is-layout-flex\"><li style=\"color: #ffffff; \" class=\"wp-social-link wp-social-link-twitter  wp-block-social-link\"><a rel=\"noopener nofollow\" target=\"_blank\" href=\"https:\/\/twitter.com\/CaenOfficiel?ref_src=twsrc%5Egoogle%7Ctwcamp%5Eserp%7Ctwgr%5Eauthor\" class=\"wp-block-social-link-anchor\"><svg width=\"24\" height=\"24\" viewBox=\"0 0 24 24\" version=\"1.1\" xmlns=\"http:\/\/www.w3.org\/2000\/svg\" aria-hidden=\"true\" focusable=\"false\"><path d=\"M22.23,5.924c-0.736,0.326-1.527,0.547-2.357,0.646c0.847-0.508,1.498-1.312,1.804-2.27 c-0.793,0.47-1.671,0.812-2.606,0.996C18.324,4.498,17.257,4,16.077,4c-2.266,0-4.103,1.837-4.103,4.103 c0,0.322,0.036,0.635,0.106,0.935C8.67,8.867,5.647,7.234,3.623,4.751C3.27,5.357,3.067,6.062,3.067,6.814 c0,1.424,0.724,2.679,1.825,3.415c-0.673-0.021-1.305-0.206-1.859-0.513c0,0.017,0,0.034,0,0.052c0,1.988,1.414,3.647,3.292,4.023 c-0.344,0.094-0.707,0.144-1.081,0.144c-0.264,0-0.521-0.026-0.772-0.074c0.522,1.63,2.038,2.816,3.833,2.85 c-1.404,1.1-3.174,1.756-5.096,1.756c-0.331,0-0.658-0.019-0.979-0.057c1.816,1.164,3.973,1.843,6.29,1.843 c7.547,0,11.675-6.252,11.675-11.675c0-0.178-0.004-0.355-0.012-0.531C20.985,7.47,21.68,6.747,22.23,5.924z\"><\/path><\/svg><span class=\"wp-block-social-link-label screen-reader-text\">Twitter<\/span><\/a><\/li>\n\n<li style=\"color: #ffffff; \" class=\"wp-social-link wp-social-link-instagram  wp-block-social-link\"><a rel=\"noopener nofollow\" target=\"_blank\" href=\"https:\/\/www.instagram.com\/caenofficiel\/?hl=fr\" class=\"wp-block-social-link-anchor\"><svg width=\"24\" height=\"24\" viewBox=\"0 0 24 24\" version=\"1.1\" xmlns=\"http:\/\/www.w3.org\/2000\/svg\" aria-hidden=\"true\" focusable=\"false\"><path d=\"M12,4.622c2.403,0,2.688,0.009,3.637,0.052c0.877,0.04,1.354,0.187,1.671,0.31c0.42,0.163,0.72,0.358,1.035,0.673 c0.315,0.315,0.51,0.615,0.673,1.035c0.123,0.317,0.27,0.794,0.31,1.671c0.043,0.949,0.052,1.234,0.052,3.637 s-0.009,2.688-0.052,3.637c-0.04,0.877-0.187,1.354-0.31,1.671c-0.163,0.42-0.358,0.72-0.673,1.035 c-0.315,0.315-0.615,0.51-1.035,0.673c-0.317,0.123-0.794,0.27-1.671,0.31c-0.949,0.043-1.233,0.052-3.637,0.052 s-2.688-0.009-3.637-0.052c-0.877-0.04-1.354-0.187-1.671-0.31c-0.42-0.163-0.72-0.358-1.035-0.673 c-0.315-0.315-0.51-0.615-0.673-1.035c-0.123-0.317-0.27-0.794-0.31-1.671C4.631,14.688,4.622,14.403,4.622,12 s0.009-2.688,0.052-3.637c0.04-0.877,0.187-1.354,0.31-1.671c0.163-0.42,0.358-0.72,0.673-1.035 c0.315-0.315,0.615-0.51,1.035-0.673c0.317-0.123,0.794-0.27,1.671-0.31C9.312,4.631,9.597,4.622,12,4.622 M12,3 C9.556,3,9.249,3.01,8.289,3.054C7.331,3.098,6.677,3.25,6.105,3.472C5.513,3.702,5.011,4.01,4.511,4.511 c-0.5,0.5-0.808,1.002-1.038,1.594C3.25,6.677,3.098,7.331,3.054,8.289C3.01,9.249,3,9.556,3,12c0,2.444,0.01,2.751,0.054,3.711 c0.044,0.958,0.196,1.612,0.418,2.185c0.23,0.592,0.538,1.094,1.038,1.594c0.5,0.5,1.002,0.808,1.594,1.038 c0.572,0.222,1.227,0.375,2.185,0.418C9.249,20.99,9.556,21,12,21s2.751-0.01,3.711-0.054c0.958-0.044,1.612-0.196,2.185-0.418 c0.592-0.23,1.094-0.538,1.594-1.038c0.5-0.5,0.808-1.002,1.038-1.594c0.222-0.572,0.375-1.227,0.418-2.185 C20.99,14.751,21,14.444,21,12s-0.01-2.751-0.054-3.711c-0.044-0.958-0.196-1.612-0.418-2.185c-0.23-0.592-0.538-1.094-1.038-1.594 c-0.5-0.5-1.002-0.808-1.594-1.038c-0.572-0.222-1.227-0.375-2.185-0.418C14.751,3.01,14.444,3,12,3L12,3z M12,7.378 c-2.552,0-4.622,2.069-4.622,4.622S9.448,16.622,12,16.622s4.622-2.069,4.622-4.622S14.552,7.378,12,7.378z M12,15 c-1.657,0-3-1.343-3-3s1.343-3,3-3s3,1.343,3,3S13.657,15,12,15z M16.804,6.116c-0.596,0-1.08,0.484-1.08,1.08 s0.484,1.08,1.08,1.08c0.596,0,1.08-0.484,1.08-1.08S17.401,6.116,16.804,6.116z\"><\/path><\/svg><span class=\"wp-block-social-link-label screen-reader-text\">Instagram<\/span><\/a><\/li>\n\n<li style=\"color: #ffffff; \" class=\"wp-social-link wp-social-link-facebook  wp-block-social-link\"><a rel=\"noopener nofollow\" target=\"_blank\" href=\"https:\/\/www.facebook.com\/CaenOfficiel\/?locale=fr_FR\" class=\"wp-block-social-link-anchor\"><svg width=\"24\" height=\"24\" viewBox=\"0 0 24 24\" version=\"1.1\" xmlns=\"http:\/\/www.w3.org\/2000\/svg\" aria-hidden=\"true\" focusable=\"false\"><path d=\"M12 2C6.5 2 2 6.5 2 12c0 5 3.7 9.1 8.4 9.9v-7H7.9V12h2.5V9.8c0-2.5 1.5-3.9 3.8-3.9 1.1 0 2.2.2 2.2.2v2.5h-1.3c-1.2 0-1.6.8-1.6 1.6V12h2.8l-.4 2.9h-2.3v7C18.3 21.1 22 17 22 12c0-5.5-4.5-10-10-10z\"><\/path><\/svg><span class=\"wp-block-social-link-label screen-reader-text\">Facebook<\/span><\/a><\/li><\/ul>\n<\/div>\n<\/div>\n\n\n\n<div class=\"wp-block-columns is-layout-flex wp-container-core-columns-is-layout-28f84493 wp-block-columns-is-layout-flex\">\n<div class=\"wp-block-column is-layout-flow wp-block-column-is-layout-flow\">\n<p class=\"has-text-align-center\"><a href=\"https:\/\/cosycaenetmer.com\/wp-content\/uploads\/2024\/12\/CGV-Cosy-Caen-et-Mer-1.pdf\" data-type=\"attachment\" data-id=\"1957\" target=\"_blank\" rel=\"noreferrer noopener\">Conditions g\u00e9n\u00e9rales<\/a><\/p>\n<\/div>\n\n\n\n<div class=\"wp-block-column is-layout-flow wp-block-column-is-layout-flow\">\n<p class=\"has-text-align-center\"><a href=\"https:\/\/cosycaenetmer.com\/index.php\/politique-de-confidentialite-2\/\" data-type=\"page\" data-id=\"469\">Politique de confidentialit\u00e9<\/a><\/p>\n<\/div>\n\n\n\n<div class=\"wp-block-column is-layout-flow wp-block-column-is-layout-flow\">\n<p class=\"has-text-align-center\">Cr\u00e9\u00e9 par <a href=\"http:\/\/www.am-webcreation.com\" data-type=\"link\" data-id=\"aurelienmerouze@gmail.com\" target=\"_blank\" rel=\"noreferrer noopener\">AM-WebCreation<\/a><\/p>\n<\/div>\n<\/div>\n<\/div><\/div>\n","protected":false},"excerpt":{"rendered":"<p>\u00c0 propos de ce logement Agr\u00e9able maison Cosy aux portes de Caen.A moins de 5 minutes du ZENITH, du Palais des sports et du parc expo de Caen, venez profiter d&rsquo;une ambiance chaleureuse dans une maison cocooning situ\u00e9e dans un petit village ayant su sauvegarder son calme. Maison fonctionnelle, facile \u00e0 vivre, un grand salon<a class=\"more-link\" href=\"https:\/\/cosycaenetmer.com\/index.php\/caen-zenith\/\">Lire la suite <span class=\"screen-reader-text\">\u00ab\u00a0Z\u00e9nit&rsquo;house\u00a0\u00bb<\/span><\/a><\/p>\n","protected":false},"author":1,"featured_media":0,"parent":0,"menu_order":0,"comment_status":"closed","ping_status":"closed","template":"","meta":{"footnotes":""},"class_list":["post-80","page","type-page","status-publish","hentry","entry"],"_links":{"self":[{"href":"https:\/\/cosycaenetmer.com\/index.php\/wp-json\/wp\/v2\/pages\/80","targetHints":{"allow":["GET"]}}],"collection":[{"href":"https:\/\/cosycaenetmer.com\/index.php\/wp-json\/wp\/v2\/pages"}],"about":[{"href":"https:\/\/cosycaenetmer.com\/index.php\/wp-json\/wp\/v2\/types\/page"}],"author":[{"embeddable":true,"href":"https:\/\/cosycaenetmer.com\/index.php\/wp-json\/wp\/v2\/users\/1"}],"replies":[{"embeddable":true,"href":"https:\/\/cosycaenetmer.com\/index.php\/wp-json\/wp\/v2\/comments?post=80"}],"version-history":[{"count":42,"href":"https:\/\/cosycaenetmer.com\/index.php\/wp-json\/wp\/v2\/pages\/80\/revisions"}],"predecessor-version":[{"id":2124,"href":"https:\/\/cosycaenetmer.com\/index.php\/wp-json\/wp\/v2\/pages\/80\/revisions\/2124"}],"wp:attachment":[{"href":"https:\/\/cosycaenetmer.com\/index.php\/wp-json\/wp\/v2\/media?parent=80"}],"curies":[{"name":"wp","href":"https:\/\/api.w.org\/{rel}","templated":true}]}}